{"id":2,"date":"2023-01-31T13:08:18","date_gmt":"2023-01-31T13:08:18","guid":{"rendered":"https:\/\/szatmarcsekeref.hu\/?page_id=2"},"modified":"2023-04-18T11:15:34","modified_gmt":"2023-04-18T11:15:34","slug":"sample-page","status":"publish","type":"page","link":"https:\/\/szatmarcsekeref.hu\/","title":{"rendered":"F\u0151oldal"},"content":{"rendered":"<p>[vc_row margin_top=&#8221;2em&#8221;][vc_column][vc_column_text]<\/p>\n<h1 style=\"text-align: center;\">SZATM\u00c1RCSEKEI REFORM\u00c1TUS TEMPLOM<\/h1>\n<p>[\/vc_column_text][\/vc_column][\/vc_row][vc_row][vc_column][vc_column_text]<\/p>\n<p style=\"text-align: center;\">A Tisz\u00e1nt\u00fali Reform\u00e1tus Egyh\u00e1zker\u00fclet, az \u201eOrando et Laborando \u2013 Im\u00e1dkozva \u00e9s dolgozva\u201d c\u00edm\u0171 turisztikai attrakci\u00f3 fejleszt\u00e9sre ir\u00e1nyul\u00f3 GINOP-7.1.4-16-2016-00014 azonos\u00edt\u00f3sz\u00e1m\u00fa projekt keret\u00e9ben 1.496.818.373 forint vissza nem t\u00e9r\u00edtend\u0151 eur\u00f3pai uni\u00f3s t\u00e1mogat\u00e1sban r\u00e9szes\u00fclt.<\/p>\n<p>[\/vc_column_text][\/vc_column][\/vc_row][vc_row margin_bottom=&#8221;2em&#8221;][vc_column]<div class=\" agni-image custom-image-container text-center\"><div class=\"animate\" data-animation=\"fadeInUp\" data-animation-offset=\"95%\" style=\"animation-duration: 0.8s;     animation-delay: 0.4s;     -moz-animation-duration: 0.8s;  -moz-animation-delay: 0.4s;    -webkit-animation-duration: 0.8s;   -webkit-animation-delay: 0.4s; \">\r\n\t\t\t<figure class=\"agni-image-figure\">\r\n\t\t\t\t<img loading=\"lazy\" decoding=\"async\"  width=\"1024\" height=\"1534\" src=\"https:\/\/szatmarcsekeref.hu\/wp-content\/uploads\/2023\/01\/Fixed_SZATMARCSEKE_REFORMATUS_TEMPLOM_20220617_DSL3918.jpg\" class=\"fullwidth-image attachment-full  attachment-full\" alt=\"\" srcset=\"https:\/\/szatmarcsekeref.hu\/wp-content\/uploads\/2023\/01\/Fixed_SZATMARCSEKE_REFORMATUS_TEMPLOM_20220617_DSL3918.jpg 1024w, https:\/\/szatmarcsekeref.hu\/wp-content\/uploads\/2023\/01\/Fixed_SZATMARCSEKE_REFORMATUS_TEMPLOM_20220617_DSL3918-200x300.jpg 200w, https:\/\/szatmarcsekeref.hu\/wp-content\/uploads\/2023\/01\/Fixed_SZATMARCSEKE_REFORMATUS_TEMPLOM_20220617_DSL3918-684x1024.jpg 684w, https:\/\/szatmarcsekeref.hu\/wp-content\/uploads\/2023\/01\/Fixed_SZATMARCSEKE_REFORMATUS_TEMPLOM_20220617_DSL3918-768x1151.jpg 768w, https:\/\/szatmarcsekeref.hu\/wp-content\/uploads\/2023\/01\/Fixed_SZATMARCSEKE_REFORMATUS_TEMPLOM_20220617_DSL3918-960x1438.jpg 960w\" sizes=\"auto, (max-width: 1024px) 100vw, 1024px\" \/>\r\n\t\t\t\t<figcaption class=\"vc_figure-caption\"><\/figcaption>\r\n\t\t\t<\/figure>\r\n\t\t<\/div><\/div>[\/vc_column][\/vc_row][vc_row][vc_column][vc_column_text]<span style=\"font-weight: 400;\">V\u00e9g\u00e9hez k\u00f6zeledik a Tisz\u00e1nt\u00fali Reform\u00e1tus Egyh\u00e1zker\u00fclet egyh\u00e1zi turisztikai attrakci\u00f3fejleszt\u00e9si projektje. A Ker\u00fclet t\u00f6bb egyh\u00e1zk\u00f6zs\u00e9get vont be a projekt megval\u00f3s\u00edt\u00e1s\u00e1ba. A fejleszt\u00e9sekre a k\u00f6vetkez\u0151 templomokban ker\u00fclt sor: Debrecen-Kistemplom (Csonkatemplom); Debrecen-Kossuth utcai templom (Veres templom); Debrecen-Egyetemi templom; Kismarjai Reform\u00e1tus Gy\u00fclekezet temploma; Szatm\u00e1rcsekei Reform\u00e1tus Gy\u00fclekezet temploma; V\u00e9rtesi Reform\u00e1tus Egyh\u00e1zk\u00f6zs\u00e9g temploma.<\/span><\/p>\n<p><span style=\"font-weight: 400;\">A fejleszt\u00e9s c\u00e9lja az volt, hogy a m\u00e1r megl\u00e9v\u0151 egyh\u00e1zi kultur\u00e1lis \u00f6r\u00f6ks\u00e9g, amely felbecs\u00fclhetetlen nemzeti, t\u00f6rt\u00e9nelmi, egyh\u00e1zm\u0171v\u00e9szeti valamint muze\u00e1lis \u00e9rt\u00e9ket k\u00e9pvisel, egyre sz\u00e9lesebb k\u00f6rben v\u00e1ljon ismertt\u00e9 \u00e9s egyre l\u00e1tv\u00e1nyosabb \u00e9s interakt\u00edvabb form\u00e1ban jelenhessen meg az \u00e9rdekl\u0151d\u0151k sz\u00e1m\u00e1ra a mai kor kih\u00edv\u00e1sainak megfelel\u0151en. A projekt megval\u00f3sul\u00e1sa jelent\u0151sen hozz\u00e1j\u00e1rul ahhoz, hogy az eml\u00edtett helysz\u00ednek turisztikailag is k\u00f6zkedveltebb l\u00e1togat\u00f3 helysz\u00ednekk\u00e9 v\u00e1ljanak, \u00e9s a l\u00e1togat\u00f3k interakt\u00edv m\u00f3don szerezzenek \u00e9rt\u00e9kes, t\u00f6rt\u00e9nelmi \u00e9s kultur\u00e1lis ismereteket, \u00e9lm\u00e9nyeket.<\/span><\/p>\n<p><span style=\"font-weight: 400;\">A projekt minden helysz\u00ednen t\u00f6bb elemb\u0151l tev\u0151d\u00f6tt \u00f6ssze, t\u00f6bbek k\u00f6z\u00f6tt \u00e9p\u00edt\u00e9si beruh\u00e1z\u00e1sokb\u00f3l, melyek lehet\u0151v\u00e9 tett\u00e9k a megfelel\u0151 k\u00f6r\u00fclm\u00e9nyeket a turisztikai attrakci\u00f3k megval\u00f3sul\u00e1s\u00e1hoz. A marketing eszk\u00f6z\u00f6k hozz\u00e1j\u00e1rulnak a megval\u00f3sul\u00e1si helysz\u00ednek n\u00e9pszer\u0171s\u00edt\u00e9s\u00e9hez, a turizmus fellend\u00fcl\u00e9s\u00e9hez az eg\u00e9sz t\u00e9rs\u00e9gben. A min\u00e9l magasabb sz\u00ednvonal\u00fa turisztikai attrakci\u00f3k biztos\u00edt\u00e1sa \u00e9rdek\u00e9ben sor ker\u00fclt ki\u00e1ll\u00edt\u00e1si, install\u00e1ci\u00f3s, hang, f\u00e9ny-, \u00e9s vizu\u00e1ltechnikai eszk\u00f6z\u00f6k alkalmaz\u00e1s\u00e1ra is.<\/span><\/p>\n<p><span style=\"font-weight: 400;\">Megval\u00f3sult a templomok l\u00e1togat\u00f3bar\u00e1t fejleszt\u00e9se, melynek k\u00f6sz\u00f6nhet\u0151en l\u00e1tv\u00e1nyos ki\u00e1ll\u00edt\u00e1sok k\u00fcl\u00f6nb\u00f6z\u0151 m\u00f3dokon adnak sz\u00e1mot a reform\u00e1ci\u00f3 egyh\u00e1zi, t\u00f6rt\u00e9nelmi, kultur\u00e1lis, m\u0171v\u00e9szeti jelent\u0151s\u00e9g\u00e9r\u0151l, \u00f6r\u00f6ks\u00e9g\u00e9r\u0151l, ezen \u00f6r\u00f6ks\u00e9ghelysz\u00ednek felfedez\u00e9s\u00e9t pedig tematikus t\u00fara\u00fatvonalak seg\u00edtik \u00e9s k\u00f6tik \u00f6ssze.<\/span><\/p>\n<p><span style=\"font-weight: 400;\">Az \u201eOrando et Laborando\u201d. c\u00edm\u0171 egyh\u00e1zi turisztikai fejleszt\u00e9s \u00e1ltal a helysz\u00edneken megjelen\u0151 interaktiv \u00e9s hagyom\u00e1nyos ki\u00e1ll\u00edt\u00e1si elemek, a templomok \u00e9s gy\u00fclekezetek t\u00f6rt\u00e9nete, a \u201eKreat\u00edv\u201d reform\u00e1ci\u00f3, avagy \u201eReligio et Patria\u201d &#8211; Szabads\u00e1g, Hitvall\u00e1s \u00e9s Alkot\u00e1s c\u00edm\u0171, sz\u00e1mos m\u00e1s reform\u00e1tus templomot fel\u00f6lel\u0151 egyh\u00e1zker\u00fcleti programhoz kapcsol\u00f3dik.<\/span><\/p>\n<p><span style=\"font-weight: 400;\">\u00a0A helysz\u00edneken a templomok, a telep\u00fcl\u00e9s vagy gy\u00fclekezetek jellegzetess\u00e9geinek, \u00e9rdekess\u00e9geinek j\u00e1t\u00e9kos m\u00f3don t\u00f6rt\u00e9n\u0151 bemutat\u00e1sa is fontos c\u00e9l volt, a min\u00e9l sz\u00e9lesebb koroszt\u00e1ly bevon\u00e1s\u00e1nak \u00e9rdek\u00e9ben, valamint Kismarj\u00e1n \u00e9s a debreceni Kistemplomban \u201eToronyt\u00fara\u201d is sz\u00ednes\u00edti a ki\u00e1ll\u00edt\u00e1st.<\/span><\/p>\n<p><span style=\"font-weight: 400;\">A reform\u00e1ci\u00f3 els\u0151dlegesen Eur\u00f3p\u00e1ban, majd innen tov\u00e1bb terjedve vil\u00e1gszerte form\u00e1lta a kereszty\u00e9ns\u00e9g arculat\u00e1t. Az egyh\u00e1zi \u00e9leten t\u00fal meghat\u00e1roz\u00f3an alak\u00edtotta a modern kori ember vil\u00e1gk\u00e9p\u00e9t. Hat\u00e1sai mark\u00e1nsan \u00e9rv\u00e9nyes\u00fcltek a nemzeti m\u0171vel\u0151d\u00e9sben, az oktat\u00e1sban, a m\u0171v\u00e9szetben, tudom\u00e1nyban, t\u00e1rsadalmi \u00e9s mag\u00e1n\u00e9leti kapcsolatokban, fontos szerepet j\u00e1tszott a gazdas\u00e1gi \u00e9s politikai k\u00f6z\u00e9let form\u00e1l\u00f3d\u00e1s\u00e1ban. E hat\u00e1sok k\u00fcl\u00f6n\u00f6sen er\u0151teljesnek bizonyultak az Alf\u00f6ld t\u00e9rs\u00e9g\u00e9nek \u00e9let\u00e9ben. A szabads\u00e1gjogok kiterjeszt\u00e9s\u00e9ben bet\u00f6lt\u00f6tt szerepe kapcs\u00e1n ki kell emeln\u00fcnk, hogy Eur\u00f3pa legt\u00f6bb protest\u00e1ns k\u00f6z\u00f6ss\u00e9g\u00e9hez hasonl\u00f3an, a mi eleinknek is sok \u00e1ldozatot kellett v\u00e1llalniuk hitvall\u00e1suk, egyh\u00e1zi \u00e9s iskolai auton\u00f3mi\u00e1juk v\u00e9delm\u00e9ben. A vall\u00e1sszabads\u00e1g \u00e9rdek\u00e9ben folytatott kitart\u00f3 k\u00fczdelm\u00fck a Bocskai-szabads\u00e1gharc ut\u00e1n ism\u00e9telten \u00f6sszekapcsol\u00f3dott a haza szabads\u00e1g\u00e1nak biztos\u00edt\u00e1s\u00e1val. E meghat\u00e1roz\u00f3 t\u00f6rt\u00e9nelmi esem\u00e9nyek fontos helysz\u00edne, t\u00f6bbsz\u00f6r kiindul\u00f3pontja volt a Tisz\u00e1nt\u00fal. A reform\u00e1ci\u00f3 hat\u00e1sai t\u00e9rs\u00e9g\u00fcnkben ugyancsak gazdag m\u0171vel\u0151d\u00e9si \u00e9letet \u00e9s m\u0171v\u00e9szeti alkot\u00f3tev\u00e9kenys\u00e9get bontakoztattak ki. Ezt tetten \u00e9rhetj\u00fck a nyomd\u00e1szat, az iskolakult\u00fara fejl\u0151d\u00e9s\u00e9ben, a legk\u00fcl\u00f6nb\u00f6z\u0151bb m\u0171v\u00e9szeti \u00e1gazatok \u00e9s korszakok alkot\u00f3i, alkot\u00e1sai tekintet\u00e9ben. Jelenl\u00e9te figyelemfelkelt\u0151 m\u00f3don \u00e9rv\u00e9nyes\u00fclt az irodalom, a zene vagy \u00e9ppen az iparm\u0171v\u00e9szet ter\u00fclet\u00e9n. A reform\u00e1tus templomok e gazdag, szerte\u00e1gaz\u00f3 \u00f6r\u00f6ks\u00e9g \u0151rz\u0151i \u00e9s kit\u00fcntetett eml\u00e9kezethelyei.\u00a0<\/span><\/p>\n<p><span style=\"font-weight: 400;\">Templomok, ezek berendez\u00e9si t\u00e1rgyai, istentiszteleti eszk\u00f6zei e gazdag, szerte\u00e1gaz\u00f3 \u00f6r\u00f6ks\u00e9g \u0151rz\u0151i \u00e9s kit\u00fcntetett eml\u00e9kezethelyei. K\u00fcls\u0151 f\u00e9ny\u0171z\u00e9st ker\u00fcl\u0151 megjelen\u00e9s\u00fckkel egy\u00fctt, sok esetben k\u00fcl\u00f6n\u00f6sen gazdag t\u00e1rh\u00e1zai e bels\u0151, tartalmi \u00e9rt\u00e9kteremt\u00e9sre t\u00f6rekv\u0151 m\u0171v\u00e9szi alkot\u00f3tev\u00e9kenys\u00e9g \u00e9rv\u00e9nyes\u00fcl\u00e9s\u00e9nek. A ki\u00e1ll\u00edt\u00e1sok ennek a ma is \u00e9l\u0151 \u00e9s hat\u00f3, a maga nem\u00e9ben egyed\u00fcl\u00e1ll\u00f3 t\u00f6rt\u00e9neti, m\u0171vel\u0151d\u00e9si \u00e9s m\u0171v\u00e9szeti hagyom\u00e1nynak a jellegzetes vagy \u00e9ppen k\u00fcl\u00f6nleges p\u00e9ld\u00e1ira h\u00edvj\u00e1k fel a figyelmet.\u00a0<\/span>[\/vc_column_text][\/vc_column][\/vc_row][vc_row][vc_column]<div id=\"agni-video-32672\" class=\" custom-video agni-video embed-responsive embed-responsive-16by9\">\r\n\t\t\t\t<iframe loading=\"lazy\" width=\"2543\" height=\"1120\" src=\"https:\/\/www.youtube.com\/embed\/RDU9myVAf00\" title=\"szatmarcseke ginop   4K\" frameborder=\"0\" allow=\"accelerometer; autoplay; clipboard-write; encrypted-media; gyroscope; picture-in-picture; web-share\" allowfullscreen><\/iframe>\r\n\t\t\t<\/div>  [\/vc_column][\/vc_row][vc_row][vc_column margin_top=&#8221;2em&#8221;][vc_column_text]<strong>Szatm\u00e1rcseke \u00e9s a Csekei Reform\u00e1tus Templom<\/strong><\/p>\n<p><span style=\"font-weight: 400;\">Csek\u00e9t el\u0151sz\u00f6r 1181-ben eml\u00edti egy oklev\u00e9l, melyb\u0151l kider\u00fcl, hogy a telep\u00fcl\u00e9s n\u00e9vad\u00f3ja val\u00f3s\u00a0<\/span><span style=\"font-weight: 400;\">szem\u00e9ly, egy erd\u0151\u0151r volt. A Szatm\u00e1r-el\u0151tag csak 1907-t\u0151l k\u00fcl\u00f6nb\u00f6zteti meg m\u00e1s, azonos nev\u0171\u00a0<\/span><span style=\"font-weight: 400;\">falvakt\u00f3l. A 15. sz\u00e1zadban m\u00e1r l\u00e9tezett egyhaj\u00f3s, g\u00f3tikus t\u00e9glatemploma, melyet egy 1808-as le\u00edr\u00e1s\u00a0<\/span><span style=\"font-weight: 400;\">szerint fresk\u00f3k d\u00edsz\u00edtettek. Hogy mikor t\u00e9rt \u00e1t a lakoss\u00e1g a reform\u00e1tus hitre pontosan nem tudni, <\/span><span style=\"font-weight: 400;\">azonban a templomot hit\u00fck szerint \u00e1tform\u00e1lt\u00e1k, majd 1729-ben egy 24 \u00f6l magas (1 \u00f6l=1.82 m) fa\u00a0<\/span><span style=\"font-weight: 400;\">harangtornyot \u00e9p\u00edtettek hozz\u00e1. Az elz\u00e1rts\u00e1ga ellen\u00e9re is t\u00f6r\u00f6k \u00e9s labanc d\u00falta, kolera puszt\u00edtotta falu\u00a0<\/span><span style=\"font-weight: 400;\">1865-ben le\u00e9gett, r\u00e9gi temploma \u00e9s a h\u00edres torony is a t\u0171z martal\u00e9ka lett. 1869-ben k\u00e9sz\u00fclt el a ma is\u00a0<\/span><span style=\"font-weight: 400;\">\u00e1ll\u00f3 egyh\u00e1za, a tornyot azonban csak 1920-ra tudt\u00e1k befejezni. A K\u00f6lcsey-csal\u00e1d m\u00e1r kor\u00e1bbr\u00f3l\u00a0<\/span><span style=\"font-weight: 400;\">birtokosa volt Csek\u00e9nek, a 17. sz\u00e1zadt\u00f3l pedig az egyh\u00e1zk\u00f6zs\u00e9g klen\u00f3diumai p\u00e9ld\u00e1t adnak arr\u00f3l, <\/span><span style=\"font-weight: 400;\">hogyan gondoskodott egy f\u00f6ldes\u00far a birtok\u00e1n l\u00e9v\u0151 templomr\u00f3l. K\u00f6lcsey Ferenc, aki itt l\u00e9v\u0151\u00a0<\/span><span style=\"font-weight: 400;\">k\u00fari\u00e1j\u00e1ban \u00edrta meg a magyars\u00e1g himnusz\u00e1v\u00e1 lett k\u00f6ltem\u00e9ny\u00e9t, maga is r\u00e9sze volt a gy\u00fclekezet\u00a0<\/span><span style=\"font-weight: 400;\">\u00e9let\u00e9nek. Ennek eml\u00e9k\u00e9t \u0151rzi a templomt\u00e9rben elhelyezett csal\u00e1di c\u00edmer, \u00e9s a k\u00f6lt\u0151 arck\u00e9pe.<\/span><\/p>\n<p><strong>Szatm\u00e1rcsekei Reform\u00e1tus Templom<\/strong><\/p>\n<p><span style=\"font-weight: 400;\">A templom 1869-ben k\u00e9sz\u00fclt el, m\u00edg a torny\u00e1t csak 1920-ra tudt\u00e1k befejezni.<\/span><\/p>\n<p><span style=\"font-weight: 400;\">Belter\u00e9ben szemet gy\u00f6ny\u00f6rk\u00f6dtet\u0151 m\u00f3don illenek a templom purit\u00e1n st\u00edlus\u00e1hoz az \u00darasztali\u00a0<\/span><span style=\"font-weight: 400;\">ter\u00edt\u0151k, a Sz\u00f3sz\u00e9k \u00e9s a padok takar\u00f3i.\u00a0<\/span><span style=\"font-weight: 400;\">Feh\u00e9r alapra a vid\u00e9k n\u00e9pm\u0171v\u00e9szet\u00e9re jellemz\u0151, keresztszemes h\u00edmz\u00e9ssel varrt\u00e1k ki a gy\u00fclekezet <\/span><span style=\"font-weight: 400;\">asszonyai a pelik\u00e1n-mot\u00edvummal \u00e9kes\u00edtett h\u00edmzett cs\u00edkokat.\u00a0<\/span><span style=\"font-weight: 400;\">Ez a mot\u00edvum visszak\u00f6sz\u00f6n a k\u00fcl\u00f6nleges \u00e9s egyedi, kifejezetten ide tervezett sz\u0151nyegeken.<\/span><\/p>\n<p><span style=\"font-weight: 400;\">A K\u00f6lcsey-csal\u00e1d m\u00e1r kor\u00e1bbr\u00f3l birtokosa volt Csek\u00e9nek, a 17. sz\u00e1zadt\u00f3l pedig az egyh\u00e1zk\u00f6zs\u00e9g\u00a0<\/span><span style=\"font-weight: 400;\">klen\u00f3diumai p\u00e9ld\u00e1t adnak arr\u00f3l, hogyan gondoskodott egy f\u00f6ldes\u00far a birtok\u00e1n l\u00e9v\u0151\u00a0<\/span><span style=\"font-weight: 400;\">templomr\u00f3l. K\u00f6lcsey Ferenc, aki itt l\u00e9v\u0151 k\u00fari\u00e1j\u00e1ban \u00edrta meg a magyars\u00e1g himnusz\u00e1v\u00e1 lett\u00a0<\/span><span style=\"font-weight: 400;\">k\u00f6ltem\u00e9ny\u00e9t, maga is r\u00e9sze volt a gy\u00fclekezet \u00e9let\u00e9nek. <\/span><span style=\"font-weight: 400;\">Ennek eml\u00e9k\u00e9t \u0151rzi a templomt\u00e9rben elhelyezett csal\u00e1di c\u00edmer, \u00e9s a k\u00f6lt\u0151 arck\u00e9pe.<\/span><\/p>\n<p><span style=\"font-weight: 400;\">K\u00f6lcsey rokonai \u00e1ltal meg\u0151rz\u00f6tt relikvi\u00e1kat, amelyek h\u0171en id\u00e9zik meg alakj\u00e1t, a l\u00e1togat\u00f3\u00a0<\/span><span style=\"font-weight: 400;\">megtekintheti a M\u0171vel\u0151d\u00e9si h\u00e1zban kialak\u00edtott eml\u00e9kszob\u00e1ban.<\/span><\/p>\n<p><span style=\"font-weight: 400;\">A telep\u00fcl\u00e9sre l\u00e1togat\u00f3k a templomhoz k\u00f6zel tal\u00e1lj\u00e1k K\u00f6lcsey s\u00edrj\u00e1t is, hal\u00e1l\u00e1nak 100.\u00a0<\/span><span style=\"font-weight: 400;\">\u00e9vfordul\u00f3j\u00e1n \u00fajra temett\u00e9k, m\u00e1rv\u00e1ny s\u00edreml\u00e9k\u00e9t a temet\u0151 legmagasabb hely\u00e9re \u00e9p\u00edtett\u00e9k.\u00a0<\/span><span style=\"font-weight: 400;\">K\u00f6r\u00fcl\u00f6tte pedig k\u00f6r\u00f6s-k\u00f6r\u00fcl a nevezetes cs\u00f3nak alak\u00fa fejf\u00e1k alkotta reform\u00e1tus temet\u0151 1000-n\u00e9l is\u00a0<\/span><span style=\"font-weight: 400;\">t\u00f6bb s\u00edrjele sorakozik.<\/span><\/p>\n<p><span style=\"font-weight: 400;\">Haz\u00e1nk egyik legk\u00fcl\u00f6nlegesebb temet\u0151je a szatm\u00e1rcsekei reform\u00e1tus cs\u00f3nakos fejf\u00e1s temet\u0151,\u00a0<\/span><span style=\"font-weight: 400;\">amelynek eredete m\u00e1ig nem tiszt\u00e1zott. P\u00e1ratlan l\u00e1tv\u00e1nyt ny\u00fajt a t\u00f6lgyf\u00e1b\u00f3l faragott az\u00a0<\/span><span style=\"font-weight: 400;\">embermagass\u00e1g\u00fa, stiliz\u00e1lt emberfejet, illetve cs\u00f3nakban fekv\u0151 embert szimboliz\u00e1l\u00f3 s\u00f6t\u00e9t fejf\u00e1val\u00a0<\/span><span style=\"font-weight: 400;\">ben\u00e9pes\u00edtett s\u00edrkert.<\/span><\/p>\n<p>&nbsp;<\/p>\n<p><span style=\"font-weight: 400;\">Projekt eredm\u00e9nyei:\u00a0<\/span><\/p>\n<ul>\n<li style=\"font-weight: 400;\" aria-level=\"1\"><span style=\"font-weight: 400;\">a templom bels\u0151 ter\u00e9nek fel\u00faj\u00edt\u00e1sa \u00e9s padf\u0171t\u00e9s kialak\u00edt\u00e1sa<\/span><\/li>\n<li style=\"font-weight: 400;\" aria-level=\"1\"><span style=\"font-weight: 400;\">A program keret\u00e9ben megt\u00f6rt\u00e9nt a templom l\u00e1togat\u00f3bar\u00e1t fejleszt\u00e9se, melynek k\u00f6sz\u00f6nhet\u0151en l\u00e1tv\u00e1nyos ki\u00e1ll\u00edt\u00e1sok adnak sz\u00e1mot a reform\u00e1ci\u00f3 egyh\u00e1zi, t\u00f6rt\u00e9nelmi, kultur\u00e1lis, m\u0171v\u00e9szeti jelent\u0151s\u00e9g\u00e9r\u0151l, \u00f6r\u00f6ks\u00e9g\u00e9r\u0151l, ezen \u00f6r\u00f6ks\u00e9ghelysz\u00edn felfedez\u00e9s\u00e9t pedig tematikus t\u00fara\u00fatvonalak seg\u00edtik. A templom l\u00e1togat\u00f3bar\u00e1t fejleszt\u00e9se, ezen bel\u00fcl hang,- f\u00e9ny \u00e9s vizu\u00e1ltechnikai fejleszt\u00e9sek, turisztikai ki\u00e1ll\u00edt\u00e1s \u00e9s a l\u00e1tv\u00e1nyoss\u00e1gok n\u00e9pszer\u0171s\u00edt\u00e9s\u00e9t szolg\u00e1l\u00f3 marketing anyagok k\u00e9sz\u00edt\u00e9se val\u00f3sult meg.<\/span><\/li>\n<li style=\"font-weight: 400;\" aria-level=\"1\"><span style=\"font-weight: 400;\">A ki\u00e1ll\u00edt\u00e1sok egyszerre t\u00f6bb \u00e9rz\u00e9kszervre hatnak, hiszen a f\u00e9nyek, a vizu\u00e1lis \u00e9lm\u00e9nyek mellett az akusztikai hat\u00e1sok, a zenei \u00e9lm\u00e9nyek \u00e9s hangeffektek kapnak jelent\u0151s szerepet.<\/span><\/li>\n<\/ul>\n<p>&nbsp;<\/p>\n<p><span style=\"font-weight: 400;\">A k\u00f6vetkez\u0151 egys\u00e9gek jelennek meg a helysz\u00ednen:<\/span><\/p>\n<ol>\n<li><span style=\"font-weight: 400;\"> A templom t\u00f6rt\u00e9net\u00e9nek ismertet\u00e9se, a gy\u00fclekezet saj\u00e1toss\u00e1ga\u00a0<\/span><\/li>\n<li><span style=\"font-weight: 400;\"> \u201eKreat\u00edv\u201d reform\u00e1ci\u00f3 avagy Hitvall\u00e1s \u00e9s Alkot\u00e1s\u00a0<\/span><\/li>\n<li><span style=\"font-weight: 400;\"> Utal\u00e1s \u00e9s motiv\u00e1l\u00e1s a t\u00f6bbi helysz\u00edn megtekint\u00e9s\u00e9re vonatkoz\u00f3an<\/span><\/li>\n<li><span style=\"font-weight: 400;\"> \u201eA templom, a temet\u0151\u00a0 vagy gy\u00fclekezet saj\u00e1toss\u00e1gainak interakt\u00edv\u00a0 m\u00f3don t\u00f6rt\u00e9n\u0151 megismertet\u00e9se<\/span><\/li>\n<\/ol>\n<p><span style=\"font-weight: 400;\">\u00a0<\/span><\/p>\n<p>&nbsp;<\/p>\n<p><span style=\"font-weight: 400;\">Nyilv\u00e1noss\u00e1g biztos\u00edt\u00e1sa:<\/span><\/p>\n<p><span style=\"font-weight: 400;\">A \u201eSz\u00e9chenyi 2020 Kedvezm\u00e9nyezettek T\u00e1j. K\u00f6t-ei \u00fatmutat\u00f3 \u00e9s arculati k\u00e9zik\u00f6nyv \u201eKTK 2020\u201d dokumentumban el\u0151\u00edrtaknak megfelel\u0151en ker\u00fclnek megval\u00f3s\u00edt\u00e1sra.<\/span><\/p>\n<p>\u00b7 Kedvezm\u00e9nyezett neve: Tisz\u00e1nt\u00fali Reform\u00e1tus Egyh\u00e1zker\u00fclet<\/p>\n<p>\u00b7 Projekt c\u00edme: \u201eOrando et laborando \u2013 Im\u00e1dkozva \u00e9s dolgozva\u201d<\/p>\n<p>\u00b7 Szerz\u0151d\u00f6tt t\u00e1mogat\u00e1s \u00f6sszege: 1 496 818 373 Ft<\/p>\n<p>\u00b7 T\u00e1mogat\u00e1s m\u00e9rt\u00e9ke: 100%<\/p>\n<p>\u00b7 A projekt t\u00e9nyleges\/tervezett megval\u00f3s\u00edt\u00e1si id\u0151szaka: 2017.12.01-2023.01.31.<\/p>\n<p>&nbsp;<\/p>\n<p><b>Tov\u00e1bbi inform\u00e1ci\u00f3 k\u00e9rhet\u0151:<\/b><\/p>\n<p><span style=\"font-weight: 400;\">Kiss Emese<\/span><\/p>\n<p><span style=\"font-weight: 400;\">El\u00e9rhet\u0151s\u00e9g: <\/span> <span style=\"font-weight: 400;\">telefonsz\u00e1m: +36 70\u00a0457 9367 ;\u00a0<\/span><\/p>\n<p><span style=\"font-weight: 400;\">e-mail: <\/span><a href=\"mailto:emese.kisss@gmail.com\"><span style=\"font-weight: 400;\">emese.kisss@gmail.com<\/span><\/a>[\/vc_column_text][\/vc_column][\/vc_row]<\/p>\n","protected":false},"excerpt":{"rendered":"<p>[vc_row margin_top=&#8221;2em&#8221;][vc_column][vc_column_text] SZATM\u00c1RCSEKEI REFORM\u00c1TUS TEMPLOM [\/vc_column_text][\/vc_column][\/vc_row][vc_row][vc_column][vc_column_text] A Tisz\u00e1nt\u00fali Reform\u00e1tus Egyh\u00e1zker\u00fclet, az \u201eOrando et Laborando \u2013 Im\u00e1dkozva \u00e9s dolgozva\u201d c\u00edm\u0171 turisztikai attrakci\u00f3 fejleszt\u00e9sre ir\u00e1nyul\u00f3 GINOP-7.1.4-16-2016-00014 azonos\u00edt\u00f3sz\u00e1m\u00fa projekt keret\u00e9ben 1.496.818.373 forint vissza nem t\u00e9r\u00edtend\u0151 eur\u00f3pai uni\u00f3s t\u00e1mogat\u00e1sban r\u00e9szes\u00fclt. [\/vc_column_text][\/vc_column][\/vc_row][vc_row margin_bottom=&#8221;2em&#8221;][vc_column][\/vc_column][\/vc_row][vc_row][vc_column][vc_column_text]V\u00e9g\u00e9hez k\u00f6zeledik a Tisz\u00e1nt\u00fali Reform\u00e1tus Egyh\u00e1zker\u00fclet egyh\u00e1zi turisztikai attrakci\u00f3fejleszt\u00e9si projektje. A Ker\u00fclet t\u00f6bb egyh\u00e1zk\u00f6zs\u00e9get vont be a projekt [&hellip;]<\/p>\n","protected":false},"author":1,"featured_media":0,"parent":0,"menu_order":0,"comment_status":"closed","ping_status":"open","template":"","meta":{"footnotes":""},"class_list":["post-2","page","type-page","status-publish","hentry"],"_links":{"self":[{"href":"https:\/\/szatmarcsekeref.hu\/index.php\/wp-json\/wp\/v2\/pages\/2","targetHints":{"allow":["GET"]}}],"collection":[{"href":"https:\/\/szatmarcsekeref.hu\/index.php\/wp-json\/wp\/v2\/pages"}],"about":[{"href":"https:\/\/szatmarcsekeref.hu\/index.php\/wp-json\/wp\/v2\/types\/page"}],"author":[{"embeddable":true,"href":"https:\/\/szatmarcsekeref.hu\/index.php\/wp-json\/wp\/v2\/users\/1"}],"replies":[{"embeddable":true,"href":"https:\/\/szatmarcsekeref.hu\/index.php\/wp-json\/wp\/v2\/comments?post=2"}],"version-history":[{"count":34,"href":"https:\/\/szatmarcsekeref.hu\/index.php\/wp-json\/wp\/v2\/pages\/2\/revisions"}],"predecessor-version":[{"id":54,"href":"https:\/\/szatmarcsekeref.hu\/index.php\/wp-json\/wp\/v2\/pages\/2\/revisions\/54"}],"wp:attachment":[{"href":"https:\/\/szatmarcsekeref.hu\/index.php\/wp-json\/wp\/v2\/media?parent=2"}],"curies":[{"name":"wp","href":"https:\/\/api.w.org\/{rel}","templated":true}]}}